{"id":5833,"date":"2023-05-05T17:07:33","date_gmt":"2023-05-05T15:07:33","guid":{"rendered":"https:\/\/bau-woodworks.com\/?post_type=product&#038;p=5833"},"modified":"2023-05-05T17:23:24","modified_gmt":"2023-05-05T15:23:24","slug":"nachtraegliches-kinoticket-imagination","status":"publish","type":"product","link":"https:\/\/bau-woodworks.com\/en\/produkt\/nachtraegliches-kinoticket-imagination\/","title":{"rendered":"Nachtr\u00e4gliches Kinoticket &#8220;Imagination&#8221; und Zugang zu &#8220;Behind the scenes&#8221;"},"content":{"rendered":"<p>Imagination<\/p>\n<p><strong>Du erh\u00e4ltst Zugang zum exklusiven &#8220;Behind the scenes&#8221; Video. Der Link hierzu wird am 12.5.2023 per Mail verschickt.<\/strong><\/p>\n<p>Mit dem Kauf eines nachtr\u00e4glichen Tickets erm\u00f6glichst du auch zuk\u00fcnftige Filmproduktionen rund um das Thema Holzbearbeitung.<\/p>\n<p>&nbsp;<\/p>\n","protected":false},"excerpt":{"rendered":"<p>Imagination Du erh\u00e4ltst Zugang zum exklusiven &#8220;Behind the scenes&#8221; Video. Der Link hierzu wird am 12.5.2023 per Mail verschickt. Mit dem Kauf eines nachtr\u00e4glichen Tickets erm\u00f6glichst du auch zuk\u00fcnftige Filmproduktionen rund um das Thema Holzbearbeitung. &nbsp;<\/p>\n","protected":false},"featured_media":5837,"template":"","meta":[],"product_cat":[76],"product_tag":[],"class_list":{"0":"post-5833","1":"product","2":"type-product","3":"status-publish","4":"has-post-thumbnail","6":"product_cat-tickets","8":"first","9":"instock","10":"virtual","11":"taxable","12":"purchasable","13":"product-type-simple"},"yoast_head":"<!-- This site is optimized with the Yoast SEO plugin v23.5 - https:\/\/yoast.com\/wordpress\/plugins\/seo\/ -->\n<title>Nachtr\u00e4gliches Kinoticket &quot;Imagination&quot; und Zugang zu &quot;Behind the scenes&quot; - Bau-Woodworks<\/title>\n<meta name=\"robots\" content=\"index, follow, max-snippet:-1, max-image-preview:large, max-video-preview:-1\" \/>\n<link rel=\"canonical\" href=\"https:\/\/bau-woodworks.com\/en\/produkt\/nachtraegliches-kinoticket-imagination\/\" \/>\n<meta property=\"og:locale\" content=\"en_US\" \/>\n<meta property=\"og:type\" content=\"article\" \/>\n<meta property=\"og:title\" content=\"Nachtr\u00e4gliches Kinoticket &quot;Imagination&quot; und Zugang zu &quot;Behind the scenes&quot; - Bau-Woodworks\" \/>\n<meta property=\"og:description\" content=\"Imagination Du erh\u00e4ltst Zugang zum exklusiven &#8220;Behind the scenes&#8221; Video. Der Link hierzu wird am 12.5.2023 per Mail verschickt. Mit dem Kauf eines nachtr\u00e4glichen Tickets erm\u00f6glichst du auch zuk\u00fcnftige Filmproduktionen rund um das Thema Holzbearbeitung. &nbsp;\" \/>\n<meta property=\"og:url\" content=\"https:\/\/bau-woodworks.com\/en\/produkt\/nachtraegliches-kinoticket-imagination\/\" \/>\n<meta property=\"og:site_name\" content=\"Bau-Woodworks\" \/>\n<meta property=\"article:modified_time\" content=\"2023-05-05T15:23:24+00:00\" \/>\n<meta property=\"og:image\" content=\"https:\/\/bau-woodworks.com\/wp-content\/uploads\/2023\/05\/7c987a58-0d30-40e2-9819-5b4b34771c62.jpg\" \/>\n\t<meta property=\"og:image:width\" content=\"1000\" \/>\n\t<meta property=\"og:image:height\" content=\"1000\" \/>\n\t<meta property=\"og:image:type\" content=\"image\/jpeg\" \/>\n<meta name=\"twitter:card\" content=\"summary_large_image\" \/>\n<meta name=\"twitter:label1\" content=\"Est. reading time\" \/>\n\t<meta name=\"twitter:data1\" content=\"1 minute\" \/>\n<script type=\"application\/ld+json\" class=\"yoast-schema-graph\">{\"@context\":\"https:\/\/schema.org\",\"@graph\":[{\"@type\":\"WebPage\",\"@id\":\"https:\/\/bau-woodworks.com\/en\/produkt\/nachtraegliches-kinoticket-imagination\/\",\"url\":\"https:\/\/bau-woodworks.com\/en\/produkt\/nachtraegliches-kinoticket-imagination\/\",\"name\":\"Nachtr\u00e4gliches Kinoticket \\\"Imagination\\\" und Zugang zu \\\"Behind the scenes\\\" - Bau-Woodworks\",\"isPartOf\":{\"@id\":\"https:\/\/bau-woodworks.com\/en\/#website\"},\"primaryImageOfPage\":{\"@id\":\"https:\/\/bau-woodworks.com\/en\/produkt\/nachtraegliches-kinoticket-imagination\/#primaryimage\"},\"image\":{\"@id\":\"https:\/\/bau-woodworks.com\/en\/produkt\/nachtraegliches-kinoticket-imagination\/#primaryimage\"},\"thumbnailUrl\":\"https:\/\/bau-woodworks.com\/wp-content\/uploads\/2023\/05\/7c987a58-0d30-40e2-9819-5b4b34771c62.jpg\",\"datePublished\":\"2023-05-05T15:07:33+00:00\",\"dateModified\":\"2023-05-05T15:23:24+00:00\",\"breadcrumb\":{\"@id\":\"https:\/\/bau-woodworks.com\/en\/produkt\/nachtraegliches-kinoticket-imagination\/#breadcrumb\"},\"inLanguage\":\"en-US\",\"potentialAction\":[{\"@type\":\"ReadAction\",\"target\":[\"https:\/\/bau-woodworks.com\/en\/produkt\/nachtraegliches-kinoticket-imagination\/\"]}]},{\"@type\":\"ImageObject\",\"inLanguage\":\"en-US\",\"@id\":\"https:\/\/bau-woodworks.com\/en\/produkt\/nachtraegliches-kinoticket-imagination\/#primaryimage\",\"url\":\"https:\/\/bau-woodworks.com\/wp-content\/uploads\/2023\/05\/7c987a58-0d30-40e2-9819-5b4b34771c62.jpg\",\"contentUrl\":\"https:\/\/bau-woodworks.com\/wp-content\/uploads\/2023\/05\/7c987a58-0d30-40e2-9819-5b4b34771c62.jpg\",\"width\":1000,\"height\":1000},{\"@type\":\"BreadcrumbList\",\"@id\":\"https:\/\/bau-woodworks.com\/en\/produkt\/nachtraegliches-kinoticket-imagination\/#breadcrumb\",\"itemListElement\":[{\"@type\":\"ListItem\",\"position\":1,\"name\":\"Startseite\",\"item\":\"https:\/\/bau-woodworks.com\/en\/\"},{\"@type\":\"ListItem\",\"position\":2,\"name\":\"Store\",\"item\":\"https:\/\/bau-woodworks.com\/en\/\"},{\"@type\":\"ListItem\",\"position\":3,\"name\":\"Nachtr\u00e4gliches Kinoticket &#8220;Imagination&#8221; und Zugang zu &#8220;Behind the scenes&#8221;\"}]},{\"@type\":\"WebSite\",\"@id\":\"https:\/\/bau-woodworks.com\/en\/#website\",\"url\":\"https:\/\/bau-woodworks.com\/en\/\",\"name\":\"Bau-Woodworks\",\"description\":\"Projects + Plans\",\"publisher\":{\"@id\":\"https:\/\/bau-woodworks.com\/en\/#organization\"},\"potentialAction\":[{\"@type\":\"SearchAction\",\"target\":{\"@type\":\"EntryPoint\",\"urlTemplate\":\"https:\/\/bau-woodworks.com\/en\/?s={search_term_string}\"},\"query-input\":{\"@type\":\"PropertyValueSpecification\",\"valueRequired\":true,\"valueName\":\"search_term_string\"}}],\"inLanguage\":\"en-US\"},{\"@type\":\"Organization\",\"@id\":\"https:\/\/bau-woodworks.com\/en\/#organization\",\"name\":\"Bau-Woodworks\",\"url\":\"https:\/\/bau-woodworks.com\/en\/\",\"logo\":{\"@type\":\"ImageObject\",\"inLanguage\":\"en-US\",\"@id\":\"https:\/\/bau-woodworks.com\/en\/#\/schema\/logo\/image\/\",\"url\":\"https:\/\/bau-woodworks.com\/wp-content\/uploads\/2019\/08\/Logo_Bau-Woodworks_whiteSquare.png\",\"contentUrl\":\"https:\/\/bau-woodworks.com\/wp-content\/uploads\/2019\/08\/Logo_Bau-Woodworks_whiteSquare.png\",\"width\":1024,\"height\":1024,\"caption\":\"Bau-Woodworks\"},\"image\":{\"@id\":\"https:\/\/bau-woodworks.com\/en\/#\/schema\/logo\/image\/\"}}]}<\/script>\n<!-- \/ Yoast SEO plugin. -->","yoast_head_json":{"title":"Nachtr\u00e4gliches Kinoticket \"Imagination\" und Zugang zu \"Behind the scenes\" - Bau-Woodworks","robots":{"index":"index","follow":"follow","max-snippet":"max-snippet:-1","max-image-preview":"max-image-preview:large","max-video-preview":"max-video-preview:-1"},"canonical":"https:\/\/bau-woodworks.com\/en\/produkt\/nachtraegliches-kinoticket-imagination\/","og_locale":"en_US","og_type":"article","og_title":"Nachtr\u00e4gliches Kinoticket \"Imagination\" und Zugang zu \"Behind the scenes\" - Bau-Woodworks","og_description":"Imagination Du erh\u00e4ltst Zugang zum exklusiven &#8220;Behind the scenes&#8221; Video. Der Link hierzu wird am 12.5.2023 per Mail verschickt. Mit dem Kauf eines nachtr\u00e4glichen Tickets erm\u00f6glichst du auch zuk\u00fcnftige Filmproduktionen rund um das Thema Holzbearbeitung. &nbsp;","og_url":"https:\/\/bau-woodworks.com\/en\/produkt\/nachtraegliches-kinoticket-imagination\/","og_site_name":"Bau-Woodworks","article_modified_time":"2023-05-05T15:23:24+00:00","og_image":[{"width":1000,"height":1000,"url":"https:\/\/bau-woodworks.com\/wp-content\/uploads\/2023\/05\/7c987a58-0d30-40e2-9819-5b4b34771c62.jpg","type":"image\/jpeg"}],"twitter_card":"summary_large_image","twitter_misc":{"Est. reading time":"1 minute"},"schema":{"@context":"https:\/\/schema.org","@graph":[{"@type":"WebPage","@id":"https:\/\/bau-woodworks.com\/en\/produkt\/nachtraegliches-kinoticket-imagination\/","url":"https:\/\/bau-woodworks.com\/en\/produkt\/nachtraegliches-kinoticket-imagination\/","name":"Nachtr\u00e4gliches Kinoticket \"Imagination\" und Zugang zu \"Behind the scenes\" - Bau-Woodworks","isPartOf":{"@id":"https:\/\/bau-woodworks.com\/en\/#website"},"primaryImageOfPage":{"@id":"https:\/\/bau-woodworks.com\/en\/produkt\/nachtraegliches-kinoticket-imagination\/#primaryimage"},"image":{"@id":"https:\/\/bau-woodworks.com\/en\/produkt\/nachtraegliches-kinoticket-imagination\/#primaryimage"},"thumbnailUrl":"https:\/\/bau-woodworks.com\/wp-content\/uploads\/2023\/05\/7c987a58-0d30-40e2-9819-5b4b34771c62.jpg","datePublished":"2023-05-05T15:07:33+00:00","dateModified":"2023-05-05T15:23:24+00:00","breadcrumb":{"@id":"https:\/\/bau-woodworks.com\/en\/produkt\/nachtraegliches-kinoticket-imagination\/#breadcrumb"},"inLanguage":"en-US","potentialAction":[{"@type":"ReadAction","target":["https:\/\/bau-woodworks.com\/en\/produkt\/nachtraegliches-kinoticket-imagination\/"]}]},{"@type":"ImageObject","inLanguage":"en-US","@id":"https:\/\/bau-woodworks.com\/en\/produkt\/nachtraegliches-kinoticket-imagination\/#primaryimage","url":"https:\/\/bau-woodworks.com\/wp-content\/uploads\/2023\/05\/7c987a58-0d30-40e2-9819-5b4b34771c62.jpg","contentUrl":"https:\/\/bau-woodworks.com\/wp-content\/uploads\/2023\/05\/7c987a58-0d30-40e2-9819-5b4b34771c62.jpg","width":1000,"height":1000},{"@type":"BreadcrumbList","@id":"https:\/\/bau-woodworks.com\/en\/produkt\/nachtraegliches-kinoticket-imagination\/#breadcrumb","itemListElement":[{"@type":"ListItem","position":1,"name":"Startseite","item":"https:\/\/bau-woodworks.com\/en\/"},{"@type":"ListItem","position":2,"name":"Store","item":"https:\/\/bau-woodworks.com\/en\/"},{"@type":"ListItem","position":3,"name":"Nachtr\u00e4gliches Kinoticket &#8220;Imagination&#8221; und Zugang zu &#8220;Behind the scenes&#8221;"}]},{"@type":"WebSite","@id":"https:\/\/bau-woodworks.com\/en\/#website","url":"https:\/\/bau-woodworks.com\/en\/","name":"Bau-Woodworks","description":"Projects + Plans","publisher":{"@id":"https:\/\/bau-woodworks.com\/en\/#organization"},"potentialAction":[{"@type":"SearchAction","target":{"@type":"EntryPoint","urlTemplate":"https:\/\/bau-woodworks.com\/en\/?s={search_term_string}"},"query-input":{"@type":"PropertyValueSpecification","valueRequired":true,"valueName":"search_term_string"}}],"inLanguage":"en-US"},{"@type":"Organization","@id":"https:\/\/bau-woodworks.com\/en\/#organization","name":"Bau-Woodworks","url":"https:\/\/bau-woodworks.com\/en\/","logo":{"@type":"ImageObject","inLanguage":"en-US","@id":"https:\/\/bau-woodworks.com\/en\/#\/schema\/logo\/image\/","url":"https:\/\/bau-woodworks.com\/wp-content\/uploads\/2019\/08\/Logo_Bau-Woodworks_whiteSquare.png","contentUrl":"https:\/\/bau-woodworks.com\/wp-content\/uploads\/2019\/08\/Logo_Bau-Woodworks_whiteSquare.png","width":1024,"height":1024,"caption":"Bau-Woodworks"},"image":{"@id":"https:\/\/bau-woodworks.com\/en\/#\/schema\/logo\/image\/"}}]}},"jetpack_sharing_enabled":true,"_links":{"self":[{"href":"https:\/\/bau-woodworks.com\/en\/wp-json\/wp\/v2\/product\/5833"}],"collection":[{"href":"https:\/\/bau-woodworks.com\/en\/wp-json\/wp\/v2\/product"}],"about":[{"href":"https:\/\/bau-woodworks.com\/en\/wp-json\/wp\/v2\/types\/product"}],"wp:featuredmedia":[{"embeddable":true,"href":"https:\/\/bau-woodworks.com\/en\/wp-json\/wp\/v2\/media\/5837"}],"wp:attachment":[{"href":"https:\/\/bau-woodworks.com\/en\/wp-json\/wp\/v2\/media?parent=5833"}],"wp:term":[{"taxonomy":"product_cat","embeddable":true,"href":"https:\/\/bau-woodworks.com\/en\/wp-json\/wp\/v2\/product_cat?post=5833"},{"taxonomy":"product_tag","embeddable":true,"href":"https:\/\/bau-woodworks.com\/en\/wp-json\/wp\/v2\/product_tag?post=5833"}],"curies":[{"name":"wp","href":"https:\/\/api.w.org\/{rel}","templated":true}]}}