{"id":5098,"date":"2023-01-20T15:09:00","date_gmt":"2023-01-20T14:09:00","guid":{"rendered":"https:\/\/bau-woodworks.com\/?post_type=product&#038;p=5098"},"modified":"2024-03-27T16:39:30","modified_gmt":"2024-03-27T15:39:30","slug":"echtholzfurnier-0-6mm-2","status":"publish","type":"product","link":"https:\/\/bau-woodworks.com\/en\/produkt\/echtholzfurnier-0-6mm-2\/","title":{"rendered":"Echtholzfurnier 0.6mm"},"content":{"rendered":"<p><span style=\"font-weight: 400;\">Die Vorz\u00fcge von Plattenmaterial mit der Sch\u00f6nheit von Massivholz kombinieren oder sch\u00f6ne Marketerie\/Intarsien?<\/span><span style=\"font-weight: 400;\"><br \/>\n<\/span><span style=\"font-weight: 400;\">Seit Jahrhunderten bietet Furnier diverse M\u00f6glichkeiten <\/span><span style=\"font-weight: 400;\">(Hier findest du passende Baupl\u00e4ne)<\/span><span style=\"font-weight: 400;\"> und kann vor allem bei gro\u00dfen M\u00f6belprojekten viel Gewicht und Geld einsparen. Belege das Plattenmaterial deiner Wahl beidseitig mit Furnier, \u00fcbe dich in verschiedenen Furnierbilder oder repariere dein antikes M\u00f6belst\u00fcck.<\/span><\/p>\n<p>&nbsp;<\/p>\n<p><span style=\"font-weight: 400;\">Hinweis: Plattenmaterial sollte immer von beiden Seiten mit Furnier belegt werden, damit es nicht zu einer einseitigen W\u00f6lbung kommt. Bitte ber\u00fccksichtige dies bei deiner Planung.<\/span><\/p>\n<p>&nbsp;<\/p>\n<p>6 Blatt mit den Ma\u00dfen: ca. 615 x 140 mm x 0.6mm<\/p>\n","protected":false},"excerpt":{"rendered":"<p>Echtholzfurnier 0.6mm<\/p>\n<p>Eiche, Nussbaum oder Ahorn<\/p>\n<p>6 Blatt in ca. 615 x 140 x 0.6 mm<\/p>\n","protected":false},"featured_media":5024,"template":"","meta":[],"product_cat":[81],"product_tag":[],"class_list":{"0":"post-5098","1":"product","2":"type-product","3":"status-publish","4":"has-post-thumbnail","6":"product_cat-holz","8":"first","9":"outofstock","10":"taxable","11":"shipping-taxable","12":"purchasable","13":"product-type-variable","14":"has-default-attributes"},"yoast_head":"<!-- This site is optimized with the Yoast SEO plugin v23.5 - https:\/\/yoast.com\/wordpress\/plugins\/seo\/ -->\n<title>Echtholzfurnier 0.6mm - Bau-Woodworks<\/title>\n<meta name=\"robots\" content=\"index, follow, max-snippet:-1, max-image-preview:large, max-video-preview:-1\" \/>\n<link rel=\"canonical\" href=\"https:\/\/bau-woodworks.com\/en\/produkt\/echtholzfurnier-0-6mm-2\/\" \/>\n<meta property=\"og:locale\" content=\"en_US\" \/>\n<meta property=\"og:type\" content=\"article\" \/>\n<meta property=\"og:title\" content=\"Echtholzfurnier 0.6mm - Bau-Woodworks\" \/>\n<meta property=\"og:description\" content=\"Echtholzfurnier 0.6mm  Eiche, Nussbaum oder Ahorn  6 Blatt in ca. 615 x 140 x 0.6 mm\" \/>\n<meta property=\"og:url\" content=\"https:\/\/bau-woodworks.com\/en\/produkt\/echtholzfurnier-0-6mm-2\/\" \/>\n<meta property=\"og:site_name\" content=\"Bau-Woodworks\" \/>\n<meta property=\"article:modified_time\" content=\"2024-03-27T15:39:30+00:00\" \/>\n<meta property=\"og:image\" content=\"https:\/\/bau-woodworks.com\/wp-content\/uploads\/2023\/01\/1674154219312.jpg\" \/>\n\t<meta property=\"og:image:width\" content=\"1024\" \/>\n\t<meta property=\"og:image:height\" content=\"1024\" \/>\n\t<meta property=\"og:image:type\" content=\"image\/jpeg\" \/>\n<meta name=\"twitter:card\" content=\"summary_large_image\" \/>\n<meta name=\"twitter:label1\" content=\"Est. reading time\" \/>\n\t<meta name=\"twitter:data1\" content=\"1 minute\" \/>\n<script type=\"application\/ld+json\" class=\"yoast-schema-graph\">{\"@context\":\"https:\/\/schema.org\",\"@graph\":[{\"@type\":\"WebPage\",\"@id\":\"https:\/\/bau-woodworks.com\/en\/produkt\/echtholzfurnier-0-6mm-2\/\",\"url\":\"https:\/\/bau-woodworks.com\/en\/produkt\/echtholzfurnier-0-6mm-2\/\",\"name\":\"Echtholzfurnier 0.6mm - Bau-Woodworks\",\"isPartOf\":{\"@id\":\"https:\/\/bau-woodworks.com\/en\/#website\"},\"primaryImageOfPage\":{\"@id\":\"https:\/\/bau-woodworks.com\/en\/produkt\/echtholzfurnier-0-6mm-2\/#primaryimage\"},\"image\":{\"@id\":\"https:\/\/bau-woodworks.com\/en\/produkt\/echtholzfurnier-0-6mm-2\/#primaryimage\"},\"thumbnailUrl\":\"https:\/\/bau-woodworks.com\/wp-content\/uploads\/2023\/01\/1674154219312.jpg\",\"datePublished\":\"2023-01-20T14:09:00+00:00\",\"dateModified\":\"2024-03-27T15:39:30+00:00\",\"breadcrumb\":{\"@id\":\"https:\/\/bau-woodworks.com\/en\/produkt\/echtholzfurnier-0-6mm-2\/#breadcrumb\"},\"inLanguage\":\"en-US\",\"potentialAction\":[{\"@type\":\"ReadAction\",\"target\":[\"https:\/\/bau-woodworks.com\/en\/produkt\/echtholzfurnier-0-6mm-2\/\"]}]},{\"@type\":\"ImageObject\",\"inLanguage\":\"en-US\",\"@id\":\"https:\/\/bau-woodworks.com\/en\/produkt\/echtholzfurnier-0-6mm-2\/#primaryimage\",\"url\":\"https:\/\/bau-woodworks.com\/wp-content\/uploads\/2023\/01\/1674154219312.jpg\",\"contentUrl\":\"https:\/\/bau-woodworks.com\/wp-content\/uploads\/2023\/01\/1674154219312.jpg\",\"width\":1024,\"height\":1024},{\"@type\":\"BreadcrumbList\",\"@id\":\"https:\/\/bau-woodworks.com\/en\/produkt\/echtholzfurnier-0-6mm-2\/#breadcrumb\",\"itemListElement\":[{\"@type\":\"ListItem\",\"position\":1,\"name\":\"Startseite\",\"item\":\"https:\/\/bau-woodworks.com\/en\/\"},{\"@type\":\"ListItem\",\"position\":2,\"name\":\"Store\",\"item\":\"https:\/\/bau-woodworks.com\/en\/\"},{\"@type\":\"ListItem\",\"position\":3,\"name\":\"Echtholzfurnier 0.6mm\"}]},{\"@type\":\"WebSite\",\"@id\":\"https:\/\/bau-woodworks.com\/en\/#website\",\"url\":\"https:\/\/bau-woodworks.com\/en\/\",\"name\":\"Bau-Woodworks\",\"description\":\"Projects + Plans\",\"publisher\":{\"@id\":\"https:\/\/bau-woodworks.com\/en\/#organization\"},\"potentialAction\":[{\"@type\":\"SearchAction\",\"target\":{\"@type\":\"EntryPoint\",\"urlTemplate\":\"https:\/\/bau-woodworks.com\/en\/?s={search_term_string}\"},\"query-input\":{\"@type\":\"PropertyValueSpecification\",\"valueRequired\":true,\"valueName\":\"search_term_string\"}}],\"inLanguage\":\"en-US\"},{\"@type\":\"Organization\",\"@id\":\"https:\/\/bau-woodworks.com\/en\/#organization\",\"name\":\"Bau-Woodworks\",\"url\":\"https:\/\/bau-woodworks.com\/en\/\",\"logo\":{\"@type\":\"ImageObject\",\"inLanguage\":\"en-US\",\"@id\":\"https:\/\/bau-woodworks.com\/en\/#\/schema\/logo\/image\/\",\"url\":\"https:\/\/bau-woodworks.com\/wp-content\/uploads\/2019\/08\/Logo_Bau-Woodworks_whiteSquare.png\",\"contentUrl\":\"https:\/\/bau-woodworks.com\/wp-content\/uploads\/2019\/08\/Logo_Bau-Woodworks_whiteSquare.png\",\"width\":1024,\"height\":1024,\"caption\":\"Bau-Woodworks\"},\"image\":{\"@id\":\"https:\/\/bau-woodworks.com\/en\/#\/schema\/logo\/image\/\"}}]}<\/script>\n<!-- \/ Yoast SEO plugin. -->","yoast_head_json":{"title":"Echtholzfurnier 0.6mm - Bau-Woodworks","robots":{"index":"index","follow":"follow","max-snippet":"max-snippet:-1","max-image-preview":"max-image-preview:large","max-video-preview":"max-video-preview:-1"},"canonical":"https:\/\/bau-woodworks.com\/en\/produkt\/echtholzfurnier-0-6mm-2\/","og_locale":"en_US","og_type":"article","og_title":"Echtholzfurnier 0.6mm - Bau-Woodworks","og_description":"Echtholzfurnier 0.6mm  Eiche, Nussbaum oder Ahorn  6 Blatt in ca. 615 x 140 x 0.6 mm","og_url":"https:\/\/bau-woodworks.com\/en\/produkt\/echtholzfurnier-0-6mm-2\/","og_site_name":"Bau-Woodworks","article_modified_time":"2024-03-27T15:39:30+00:00","og_image":[{"width":1024,"height":1024,"url":"https:\/\/bau-woodworks.com\/wp-content\/uploads\/2023\/01\/1674154219312.jpg","type":"image\/jpeg"}],"twitter_card":"summary_large_image","twitter_misc":{"Est. reading time":"1 minute"},"schema":{"@context":"https:\/\/schema.org","@graph":[{"@type":"WebPage","@id":"https:\/\/bau-woodworks.com\/en\/produkt\/echtholzfurnier-0-6mm-2\/","url":"https:\/\/bau-woodworks.com\/en\/produkt\/echtholzfurnier-0-6mm-2\/","name":"Echtholzfurnier 0.6mm - Bau-Woodworks","isPartOf":{"@id":"https:\/\/bau-woodworks.com\/en\/#website"},"primaryImageOfPage":{"@id":"https:\/\/bau-woodworks.com\/en\/produkt\/echtholzfurnier-0-6mm-2\/#primaryimage"},"image":{"@id":"https:\/\/bau-woodworks.com\/en\/produkt\/echtholzfurnier-0-6mm-2\/#primaryimage"},"thumbnailUrl":"https:\/\/bau-woodworks.com\/wp-content\/uploads\/2023\/01\/1674154219312.jpg","datePublished":"2023-01-20T14:09:00+00:00","dateModified":"2024-03-27T15:39:30+00:00","breadcrumb":{"@id":"https:\/\/bau-woodworks.com\/en\/produkt\/echtholzfurnier-0-6mm-2\/#breadcrumb"},"inLanguage":"en-US","potentialAction":[{"@type":"ReadAction","target":["https:\/\/bau-woodworks.com\/en\/produkt\/echtholzfurnier-0-6mm-2\/"]}]},{"@type":"ImageObject","inLanguage":"en-US","@id":"https:\/\/bau-woodworks.com\/en\/produkt\/echtholzfurnier-0-6mm-2\/#primaryimage","url":"https:\/\/bau-woodworks.com\/wp-content\/uploads\/2023\/01\/1674154219312.jpg","contentUrl":"https:\/\/bau-woodworks.com\/wp-content\/uploads\/2023\/01\/1674154219312.jpg","width":1024,"height":1024},{"@type":"BreadcrumbList","@id":"https:\/\/bau-woodworks.com\/en\/produkt\/echtholzfurnier-0-6mm-2\/#breadcrumb","itemListElement":[{"@type":"ListItem","position":1,"name":"Startseite","item":"https:\/\/bau-woodworks.com\/en\/"},{"@type":"ListItem","position":2,"name":"Store","item":"https:\/\/bau-woodworks.com\/en\/"},{"@type":"ListItem","position":3,"name":"Echtholzfurnier 0.6mm"}]},{"@type":"WebSite","@id":"https:\/\/bau-woodworks.com\/en\/#website","url":"https:\/\/bau-woodworks.com\/en\/","name":"Bau-Woodworks","description":"Projects + Plans","publisher":{"@id":"https:\/\/bau-woodworks.com\/en\/#organization"},"potentialAction":[{"@type":"SearchAction","target":{"@type":"EntryPoint","urlTemplate":"https:\/\/bau-woodworks.com\/en\/?s={search_term_string}"},"query-input":{"@type":"PropertyValueSpecification","valueRequired":true,"valueName":"search_term_string"}}],"inLanguage":"en-US"},{"@type":"Organization","@id":"https:\/\/bau-woodworks.com\/en\/#organization","name":"Bau-Woodworks","url":"https:\/\/bau-woodworks.com\/en\/","logo":{"@type":"ImageObject","inLanguage":"en-US","@id":"https:\/\/bau-woodworks.com\/en\/#\/schema\/logo\/image\/","url":"https:\/\/bau-woodworks.com\/wp-content\/uploads\/2019\/08\/Logo_Bau-Woodworks_whiteSquare.png","contentUrl":"https:\/\/bau-woodworks.com\/wp-content\/uploads\/2019\/08\/Logo_Bau-Woodworks_whiteSquare.png","width":1024,"height":1024,"caption":"Bau-Woodworks"},"image":{"@id":"https:\/\/bau-woodworks.com\/en\/#\/schema\/logo\/image\/"}}]}},"jetpack_sharing_enabled":true,"_links":{"self":[{"href":"https:\/\/bau-woodworks.com\/en\/wp-json\/wp\/v2\/product\/5098"}],"collection":[{"href":"https:\/\/bau-woodworks.com\/en\/wp-json\/wp\/v2\/product"}],"about":[{"href":"https:\/\/bau-woodworks.com\/en\/wp-json\/wp\/v2\/types\/product"}],"wp:featuredmedia":[{"embeddable":true,"href":"https:\/\/bau-woodworks.com\/en\/wp-json\/wp\/v2\/media\/5024"}],"wp:attachment":[{"href":"https:\/\/bau-woodworks.com\/en\/wp-json\/wp\/v2\/media?parent=5098"}],"wp:term":[{"taxonomy":"product_cat","embeddable":true,"href":"https:\/\/bau-woodworks.com\/en\/wp-json\/wp\/v2\/product_cat?post=5098"},{"taxonomy":"product_tag","embeddable":true,"href":"https:\/\/bau-woodworks.com\/en\/wp-json\/wp\/v2\/product_tag?post=5098"}],"curies":[{"name":"wp","href":"https:\/\/api.w.org\/{rel}","templated":true}]}}