{"id":4938,"date":"2023-01-18T20:00:45","date_gmt":"2023-01-18T19:00:45","guid":{"rendered":"https:\/\/bau-woodworks.com\/?post_type=product&#038;p=4938"},"modified":"2023-10-03T22:35:50","modified_gmt":"2023-10-03T20:35:50","slug":"bohlenabschnitte-52mm","status":"publish","type":"product","link":"https:\/\/bau-woodworks.com\/en\/produkt\/bohlenabschnitte-52mm\/","title":{"rendered":"Bohlenabschnitte 52mm  Massivholz"},"content":{"rendered":"<p><span style=\"font-weight: 400;\">Tischplatte, B\u00fccherregal oder Sitzbank: Unsere Bohlenabschnitte erm\u00f6glichen dir auch die Umsetzung gr\u00f6\u00dferer M\u00f6belprojekte <\/span><span style=\"font-weight: 400;\">(<a href=\"https:\/\/bau-woodworks.com\/kostenlose-bauplaene\/\">Hier findest du passende Baupl\u00e4ne<\/a>).<\/span><\/p>\n<p><span style=\"font-weight: 400;\">Erlebe den Reiz der Holzverarbeitung von der Bohle bis zum fertigen M\u00f6bel. Der Duft und die individuellen Faserverl\u00e4ufe macht jeden Arbeitsschritt zu einer Erfahrung f\u00fcr die Sinne. <\/span><span style=\"font-weight: 400;\">Lass deiner Fantasie freien Lauf und schaffe mit Maschinen und\/oder Handwerkzeugen dein pers\u00f6nliches Lieblingsst\u00fcck.<\/span><\/p>\n<p><strong>Ma\u00dfe:<\/strong> 1200mm lang und 52mm stark<\/p>\n<p>Breiten variieren je nach Holzart:<\/p>\n<ul>\n<li>Eiche mindestens 380mm breit<\/li>\n<li>Ahorn mindestens 220mm breit<\/li>\n<li>Nussbaum mindestens 250mm breit<\/li>\n<\/ul>\n<p>&nbsp;<\/p>\n<p><span style=\"font-weight: 400;\">Wir beziehen unsere Bohlenabschnitte beim \u00f6rtlichen Massivholzh\u00e4ndler.<\/span><\/p>\n<p><span style=\"font-weight: 400;\">Alle Bohlenabschnitte werden kammergetrocknet, sodass ein Wurmbefall weitestgehend ausgeschlossen werden kann. Die Holzfeuchte liegt je nach Jahreszeit bei 10-12%. <\/span><span style=\"font-weight: 400;\">Gib dem Holz nach der Lieferung wenn m\u00f6glich mindestens eine Woche Zeit, um sich in deiner Werkstatt ein wenig zu akklimatisieren. Je l\u00e4nger du es vor der Verarbeitung lagerst, desto geringer ist die Wahrscheinlichkeit, dass es sich verformt.<\/span><\/p>\n<p><span style=\"font-weight: 400;\">Bei H\u00f6lzern wie Nussbaum und Eiche zeigen sich deutliche Farbunterschiede zwischen Splint- und Kernholz. Sofern du nur das dunklere Kernholz verwenden m\u00f6chtest, solltest du dies bei deiner Planung ber\u00fccksichtigen. <\/span><span style=\"font-weight: 400;\">Die Breitenangabe bezieht sich auf den schmalsten Punkt der Bohle (inklusive Splintholz), dementsprechend wird auch der Preis kalkuliert. Dein Abschnitt wird daher in der Regel etwas breiter sein als das hier angegebene Ma\u00df.<\/span><\/p>\n<p>&nbsp;<\/p>\n<p>&nbsp;<\/p>\n<p>Hinweis:<br \/>\nFotos sind Beispielbilder. Holz ist ein Naturprodukt. Daher wird der Faserverlauf deines Holzes anders aussehen. Leichte Verformung sind m\u00f6glich, selbst bei abgerichteten H\u00f6lzern. Ber\u00fccksichtigt dies bitte bei eurer Konstruktion. Kleinere Astl\u00f6cher und andere Fehler k\u00f6nnen auch mit dabei sein. das macht jedes St\u00fcck Holz einzigartig.<\/p>\n","protected":false},"excerpt":{"rendered":"<p>Massivholzbohlen 1200mm lang<\/p>\n<p>Eiche mindestens 380mm breit<\/p>\n<p>Ahorn mindestens 220mm breit<\/p>\n<p>&nbsp;<\/p>\n<p><strong><span style=\"color: #7aba30;\">Auf Lager, versandbereit in 1-3 Werktagen<\/span><\/strong><\/p>\n","protected":false},"featured_media":5018,"template":"","meta":[],"product_cat":[81],"product_tag":[],"class_list":{"0":"post-4938","1":"product","2":"type-product","3":"status-publish","4":"has-post-thumbnail","6":"product_cat-holz","8":"first","9":"outofstock","10":"taxable","11":"shipping-taxable","12":"purchasable","13":"product-type-variable","14":"has-default-attributes"},"yoast_head":"<!-- This site is optimized with the Yoast SEO plugin v23.5 - https:\/\/yoast.com\/wordpress\/plugins\/seo\/ -->\n<title>Bohlenabschnitte 52mm Massivholz - Bau-Woodworks<\/title>\n<meta name=\"robots\" content=\"index, follow, max-snippet:-1, max-image-preview:large, max-video-preview:-1\" \/>\n<link rel=\"canonical\" href=\"https:\/\/bau-woodworks.com\/en\/produkt\/bohlenabschnitte-52mm\/\" \/>\n<meta property=\"og:locale\" content=\"en_US\" \/>\n<meta property=\"og:type\" content=\"article\" \/>\n<meta property=\"og:title\" content=\"Bohlenabschnitte 52mm Massivholz - Bau-Woodworks\" \/>\n<meta property=\"og:description\" content=\"Massivholzbohlen 1200mm lang  Eiche mindestens 380mm breit  Ahorn mindestens 220mm breit  &nbsp;  Auf Lager, versandbereit in 1-3 Werktagen\" \/>\n<meta property=\"og:url\" content=\"https:\/\/bau-woodworks.com\/en\/produkt\/bohlenabschnitte-52mm\/\" \/>\n<meta property=\"og:site_name\" content=\"Bau-Woodworks\" \/>\n<meta property=\"article:modified_time\" content=\"2023-10-03T20:35:50+00:00\" \/>\n<meta property=\"og:image\" content=\"https:\/\/bau-woodworks.com\/wp-content\/uploads\/2023\/01\/1674154219208-1.jpg\" \/>\n\t<meta property=\"og:image:width\" content=\"1024\" \/>\n\t<meta property=\"og:image:height\" content=\"1024\" \/>\n\t<meta property=\"og:image:type\" content=\"image\/jpeg\" \/>\n<meta name=\"twitter:card\" content=\"summary_large_image\" \/>\n<meta name=\"twitter:label1\" content=\"Est. reading time\" \/>\n\t<meta name=\"twitter:data1\" content=\"2 minutes\" \/>\n<script type=\"application\/ld+json\" class=\"yoast-schema-graph\">{\"@context\":\"https:\/\/schema.org\",\"@graph\":[{\"@type\":\"WebPage\",\"@id\":\"https:\/\/bau-woodworks.com\/en\/produkt\/bohlenabschnitte-52mm\/\",\"url\":\"https:\/\/bau-woodworks.com\/en\/produkt\/bohlenabschnitte-52mm\/\",\"name\":\"Bohlenabschnitte 52mm Massivholz - Bau-Woodworks\",\"isPartOf\":{\"@id\":\"https:\/\/bau-woodworks.com\/en\/#website\"},\"primaryImageOfPage\":{\"@id\":\"https:\/\/bau-woodworks.com\/en\/produkt\/bohlenabschnitte-52mm\/#primaryimage\"},\"image\":{\"@id\":\"https:\/\/bau-woodworks.com\/en\/produkt\/bohlenabschnitte-52mm\/#primaryimage\"},\"thumbnailUrl\":\"https:\/\/bau-woodworks.com\/wp-content\/uploads\/2023\/01\/1674154219208-1.jpg\",\"datePublished\":\"2023-01-18T19:00:45+00:00\",\"dateModified\":\"2023-10-03T20:35:50+00:00\",\"breadcrumb\":{\"@id\":\"https:\/\/bau-woodworks.com\/en\/produkt\/bohlenabschnitte-52mm\/#breadcrumb\"},\"inLanguage\":\"en-US\",\"potentialAction\":[{\"@type\":\"ReadAction\",\"target\":[\"https:\/\/bau-woodworks.com\/en\/produkt\/bohlenabschnitte-52mm\/\"]}]},{\"@type\":\"ImageObject\",\"inLanguage\":\"en-US\",\"@id\":\"https:\/\/bau-woodworks.com\/en\/produkt\/bohlenabschnitte-52mm\/#primaryimage\",\"url\":\"https:\/\/bau-woodworks.com\/wp-content\/uploads\/2023\/01\/1674154219208-1.jpg\",\"contentUrl\":\"https:\/\/bau-woodworks.com\/wp-content\/uploads\/2023\/01\/1674154219208-1.jpg\",\"width\":1024,\"height\":1024},{\"@type\":\"BreadcrumbList\",\"@id\":\"https:\/\/bau-woodworks.com\/en\/produkt\/bohlenabschnitte-52mm\/#breadcrumb\",\"itemListElement\":[{\"@type\":\"ListItem\",\"position\":1,\"name\":\"Startseite\",\"item\":\"https:\/\/bau-woodworks.com\/en\/\"},{\"@type\":\"ListItem\",\"position\":2,\"name\":\"Store\",\"item\":\"https:\/\/bau-woodworks.com\/en\/\"},{\"@type\":\"ListItem\",\"position\":3,\"name\":\"Bohlenabschnitte 52mm Massivholz\"}]},{\"@type\":\"WebSite\",\"@id\":\"https:\/\/bau-woodworks.com\/en\/#website\",\"url\":\"https:\/\/bau-woodworks.com\/en\/\",\"name\":\"Bau-Woodworks\",\"description\":\"Projects + Plans\",\"publisher\":{\"@id\":\"https:\/\/bau-woodworks.com\/en\/#organization\"},\"potentialAction\":[{\"@type\":\"SearchAction\",\"target\":{\"@type\":\"EntryPoint\",\"urlTemplate\":\"https:\/\/bau-woodworks.com\/en\/?s={search_term_string}\"},\"query-input\":{\"@type\":\"PropertyValueSpecification\",\"valueRequired\":true,\"valueName\":\"search_term_string\"}}],\"inLanguage\":\"en-US\"},{\"@type\":\"Organization\",\"@id\":\"https:\/\/bau-woodworks.com\/en\/#organization\",\"name\":\"Bau-Woodworks\",\"url\":\"https:\/\/bau-woodworks.com\/en\/\",\"logo\":{\"@type\":\"ImageObject\",\"inLanguage\":\"en-US\",\"@id\":\"https:\/\/bau-woodworks.com\/en\/#\/schema\/logo\/image\/\",\"url\":\"https:\/\/bau-woodworks.com\/wp-content\/uploads\/2019\/08\/Logo_Bau-Woodworks_whiteSquare.png\",\"contentUrl\":\"https:\/\/bau-woodworks.com\/wp-content\/uploads\/2019\/08\/Logo_Bau-Woodworks_whiteSquare.png\",\"width\":1024,\"height\":1024,\"caption\":\"Bau-Woodworks\"},\"image\":{\"@id\":\"https:\/\/bau-woodworks.com\/en\/#\/schema\/logo\/image\/\"}}]}<\/script>\n<!-- \/ Yoast SEO plugin. -->","yoast_head_json":{"title":"Bohlenabschnitte 52mm Massivholz - Bau-Woodworks","robots":{"index":"index","follow":"follow","max-snippet":"max-snippet:-1","max-image-preview":"max-image-preview:large","max-video-preview":"max-video-preview:-1"},"canonical":"https:\/\/bau-woodworks.com\/en\/produkt\/bohlenabschnitte-52mm\/","og_locale":"en_US","og_type":"article","og_title":"Bohlenabschnitte 52mm Massivholz - Bau-Woodworks","og_description":"Massivholzbohlen 1200mm lang  Eiche mindestens 380mm breit  Ahorn mindestens 220mm breit  &nbsp;  Auf Lager, versandbereit in 1-3 Werktagen","og_url":"https:\/\/bau-woodworks.com\/en\/produkt\/bohlenabschnitte-52mm\/","og_site_name":"Bau-Woodworks","article_modified_time":"2023-10-03T20:35:50+00:00","og_image":[{"width":1024,"height":1024,"url":"https:\/\/bau-woodworks.com\/wp-content\/uploads\/2023\/01\/1674154219208-1.jpg","type":"image\/jpeg"}],"twitter_card":"summary_large_image","twitter_misc":{"Est. reading time":"2 minutes"},"schema":{"@context":"https:\/\/schema.org","@graph":[{"@type":"WebPage","@id":"https:\/\/bau-woodworks.com\/en\/produkt\/bohlenabschnitte-52mm\/","url":"https:\/\/bau-woodworks.com\/en\/produkt\/bohlenabschnitte-52mm\/","name":"Bohlenabschnitte 52mm Massivholz - Bau-Woodworks","isPartOf":{"@id":"https:\/\/bau-woodworks.com\/en\/#website"},"primaryImageOfPage":{"@id":"https:\/\/bau-woodworks.com\/en\/produkt\/bohlenabschnitte-52mm\/#primaryimage"},"image":{"@id":"https:\/\/bau-woodworks.com\/en\/produkt\/bohlenabschnitte-52mm\/#primaryimage"},"thumbnailUrl":"https:\/\/bau-woodworks.com\/wp-content\/uploads\/2023\/01\/1674154219208-1.jpg","datePublished":"2023-01-18T19:00:45+00:00","dateModified":"2023-10-03T20:35:50+00:00","breadcrumb":{"@id":"https:\/\/bau-woodworks.com\/en\/produkt\/bohlenabschnitte-52mm\/#breadcrumb"},"inLanguage":"en-US","potentialAction":[{"@type":"ReadAction","target":["https:\/\/bau-woodworks.com\/en\/produkt\/bohlenabschnitte-52mm\/"]}]},{"@type":"ImageObject","inLanguage":"en-US","@id":"https:\/\/bau-woodworks.com\/en\/produkt\/bohlenabschnitte-52mm\/#primaryimage","url":"https:\/\/bau-woodworks.com\/wp-content\/uploads\/2023\/01\/1674154219208-1.jpg","contentUrl":"https:\/\/bau-woodworks.com\/wp-content\/uploads\/2023\/01\/1674154219208-1.jpg","width":1024,"height":1024},{"@type":"BreadcrumbList","@id":"https:\/\/bau-woodworks.com\/en\/produkt\/bohlenabschnitte-52mm\/#breadcrumb","itemListElement":[{"@type":"ListItem","position":1,"name":"Startseite","item":"https:\/\/bau-woodworks.com\/en\/"},{"@type":"ListItem","position":2,"name":"Store","item":"https:\/\/bau-woodworks.com\/en\/"},{"@type":"ListItem","position":3,"name":"Bohlenabschnitte 52mm Massivholz"}]},{"@type":"WebSite","@id":"https:\/\/bau-woodworks.com\/en\/#website","url":"https:\/\/bau-woodworks.com\/en\/","name":"Bau-Woodworks","description":"Projects + Plans","publisher":{"@id":"https:\/\/bau-woodworks.com\/en\/#organization"},"potentialAction":[{"@type":"SearchAction","target":{"@type":"EntryPoint","urlTemplate":"https:\/\/bau-woodworks.com\/en\/?s={search_term_string}"},"query-input":{"@type":"PropertyValueSpecification","valueRequired":true,"valueName":"search_term_string"}}],"inLanguage":"en-US"},{"@type":"Organization","@id":"https:\/\/bau-woodworks.com\/en\/#organization","name":"Bau-Woodworks","url":"https:\/\/bau-woodworks.com\/en\/","logo":{"@type":"ImageObject","inLanguage":"en-US","@id":"https:\/\/bau-woodworks.com\/en\/#\/schema\/logo\/image\/","url":"https:\/\/bau-woodworks.com\/wp-content\/uploads\/2019\/08\/Logo_Bau-Woodworks_whiteSquare.png","contentUrl":"https:\/\/bau-woodworks.com\/wp-content\/uploads\/2019\/08\/Logo_Bau-Woodworks_whiteSquare.png","width":1024,"height":1024,"caption":"Bau-Woodworks"},"image":{"@id":"https:\/\/bau-woodworks.com\/en\/#\/schema\/logo\/image\/"}}]}},"jetpack_sharing_enabled":true,"_links":{"self":[{"href":"https:\/\/bau-woodworks.com\/en\/wp-json\/wp\/v2\/product\/4938"}],"collection":[{"href":"https:\/\/bau-woodworks.com\/en\/wp-json\/wp\/v2\/product"}],"about":[{"href":"https:\/\/bau-woodworks.com\/en\/wp-json\/wp\/v2\/types\/product"}],"wp:featuredmedia":[{"embeddable":true,"href":"https:\/\/bau-woodworks.com\/en\/wp-json\/wp\/v2\/media\/5018"}],"wp:attachment":[{"href":"https:\/\/bau-woodworks.com\/en\/wp-json\/wp\/v2\/media?parent=4938"}],"wp:term":[{"taxonomy":"product_cat","embeddable":true,"href":"https:\/\/bau-woodworks.com\/en\/wp-json\/wp\/v2\/product_cat?post=4938"},{"taxonomy":"product_tag","embeddable":true,"href":"https:\/\/bau-woodworks.com\/en\/wp-json\/wp\/v2\/product_tag?post=4938"}],"curies":[{"name":"wp","href":"https:\/\/api.w.org\/{rel}","templated":true}]}}