{"id":4914,"date":"2023-01-20T14:00:57","date_gmt":"2023-01-20T13:00:57","guid":{"rendered":"https:\/\/bau-woodworks.com\/?post_type=product&#038;p=4914"},"modified":"2023-08-02T10:26:02","modified_gmt":"2023-08-02T08:26:02","slug":"platten-mit-echtholzfurnier-5mm","status":"publish","type":"product","link":"https:\/\/bau-woodworks.com\/en\/produkt\/platten-mit-echtholzfurnier-5mm\/","title":{"rendered":"Platten mit Echtholzfurnier 5mm"},"content":{"rendered":"<p><span style=\"font-weight: 400;\">Schubkastenboden, T\u00fcrf\u00fcllung oder R\u00fcckwand:<\/span><span style=\"font-weight: 400;\"><br \/>\n<\/span><span style=\"font-weight: 400;\">Mit diesen Platten lassen sich eine Vielzahl an Projekten umsetzen <\/span><span style=\"font-weight: 400;\">(<a href=\"https:\/\/bau-woodworks.com\/kostenlose-bauplaene\/\">Hier findest du passende Baupl\u00e4ne<\/a>).<\/span><\/p>\n<p><span style=\"font-weight: 400;\">Die Multiplexplatten sind einseitig mit Echtholzfurnier belegt und die einfachste und schnellste L\u00f6sung f\u00fcr F\u00fcllungen oder Einlagen.<\/span><\/p>\n<p><span style=\"font-weight: 400;\">W\u00e4hle eine passende Holzsorte aus oder kombiniere kontrastreiche H\u00f6lzer wie hellen Ahorn mit dunklem Nussbaum.<\/span><\/p>\n<p><span style=\"font-weight: 400;\"><br \/>\n<\/span><span style=\"font-weight: 400;\">Wenn du deine F\u00fcllung gerne von beiden Seiten zeigen m\u00f6chtest, bspw. bei T\u00fcrf\u00fcllungen, <\/span><span style=\"font-weight: 400;\">findest du hier passendes Furnier<\/span><span style=\"font-weight: 400;\">.<\/span><\/p>\n<p>&nbsp;<\/p>\n<p>3 Platten in den Dimensionen: 300 x 600 x 5mm<\/p>\n<p>&nbsp;<\/p>\n<p>Die R\u00fcckseite ist blind furniert. Dh. der Produzent verpresst dort einfach ein gerade vorhandenes Furnier. Das ist in der Regel eine andere Holzart als die Vorderseite.<\/p>\n","protected":false},"excerpt":{"rendered":"<p><span style=\"font-weight: 400;\">Platten mit Echtholzfurnier 5mm<\/span><\/p>\n<p>3 Platten in den Dimensionen: 600 x 300 x 5mm<\/p>\n<p><strong><span style=\"color: #7aba30;\">Auf Lager, versandbereit in 1-3 Werktagen<\/span><\/strong><\/p>\n","protected":false},"featured_media":5022,"template":"","meta":[],"product_cat":[81],"product_tag":[],"class_list":{"0":"post-4914","1":"product","2":"type-product","3":"status-publish","4":"has-post-thumbnail","6":"product_cat-holz","8":"first","9":"instock","10":"taxable","11":"shipping-taxable","12":"purchasable","13":"product-type-variable","14":"has-default-attributes"},"yoast_head":"<!-- This site is optimized with the Yoast SEO plugin v23.5 - https:\/\/yoast.com\/wordpress\/plugins\/seo\/ -->\n<title>Platten mit Echtholzfurnier 5mm - Bau-Woodworks<\/title>\n<meta name=\"robots\" content=\"index, follow, max-snippet:-1, max-image-preview:large, max-video-preview:-1\" \/>\n<link rel=\"canonical\" href=\"https:\/\/bau-woodworks.com\/en\/produkt\/platten-mit-echtholzfurnier-5mm\/\" \/>\n<meta property=\"og:locale\" content=\"en_US\" \/>\n<meta property=\"og:type\" content=\"article\" \/>\n<meta property=\"og:title\" content=\"Platten mit Echtholzfurnier 5mm - Bau-Woodworks\" \/>\n<meta property=\"og:description\" content=\"Platten mit Echtholzfurnier 5mm  3 Platten in den Dimensionen: 600 x 300 x 5mm  Auf Lager, versandbereit in 1-3 Werktagen\" \/>\n<meta property=\"og:url\" content=\"https:\/\/bau-woodworks.com\/en\/produkt\/platten-mit-echtholzfurnier-5mm\/\" \/>\n<meta property=\"og:site_name\" content=\"Bau-Woodworks\" \/>\n<meta property=\"article:modified_time\" content=\"2023-08-02T08:26:02+00:00\" \/>\n<meta property=\"og:image\" content=\"https:\/\/bau-woodworks.com\/wp-content\/uploads\/2023\/01\/1674154219241-1.jpg\" \/>\n\t<meta property=\"og:image:width\" content=\"1024\" \/>\n\t<meta property=\"og:image:height\" content=\"1024\" \/>\n\t<meta property=\"og:image:type\" content=\"image\/jpeg\" \/>\n<meta name=\"twitter:card\" content=\"summary_large_image\" \/>\n<meta name=\"twitter:label1\" content=\"Est. reading time\" \/>\n\t<meta name=\"twitter:data1\" content=\"1 minute\" \/>\n<script type=\"application\/ld+json\" class=\"yoast-schema-graph\">{\"@context\":\"https:\/\/schema.org\",\"@graph\":[{\"@type\":\"WebPage\",\"@id\":\"https:\/\/bau-woodworks.com\/en\/produkt\/platten-mit-echtholzfurnier-5mm\/\",\"url\":\"https:\/\/bau-woodworks.com\/en\/produkt\/platten-mit-echtholzfurnier-5mm\/\",\"name\":\"Platten mit Echtholzfurnier 5mm - Bau-Woodworks\",\"isPartOf\":{\"@id\":\"https:\/\/bau-woodworks.com\/en\/#website\"},\"primaryImageOfPage\":{\"@id\":\"https:\/\/bau-woodworks.com\/en\/produkt\/platten-mit-echtholzfurnier-5mm\/#primaryimage\"},\"image\":{\"@id\":\"https:\/\/bau-woodworks.com\/en\/produkt\/platten-mit-echtholzfurnier-5mm\/#primaryimage\"},\"thumbnailUrl\":\"https:\/\/bau-woodworks.com\/wp-content\/uploads\/2023\/01\/1674154219241-1.jpg\",\"datePublished\":\"2023-01-20T13:00:57+00:00\",\"dateModified\":\"2023-08-02T08:26:02+00:00\",\"breadcrumb\":{\"@id\":\"https:\/\/bau-woodworks.com\/en\/produkt\/platten-mit-echtholzfurnier-5mm\/#breadcrumb\"},\"inLanguage\":\"en-US\",\"potentialAction\":[{\"@type\":\"ReadAction\",\"target\":[\"https:\/\/bau-woodworks.com\/en\/produkt\/platten-mit-echtholzfurnier-5mm\/\"]}]},{\"@type\":\"ImageObject\",\"inLanguage\":\"en-US\",\"@id\":\"https:\/\/bau-woodworks.com\/en\/produkt\/platten-mit-echtholzfurnier-5mm\/#primaryimage\",\"url\":\"https:\/\/bau-woodworks.com\/wp-content\/uploads\/2023\/01\/1674154219241-1.jpg\",\"contentUrl\":\"https:\/\/bau-woodworks.com\/wp-content\/uploads\/2023\/01\/1674154219241-1.jpg\",\"width\":1024,\"height\":1024},{\"@type\":\"BreadcrumbList\",\"@id\":\"https:\/\/bau-woodworks.com\/en\/produkt\/platten-mit-echtholzfurnier-5mm\/#breadcrumb\",\"itemListElement\":[{\"@type\":\"ListItem\",\"position\":1,\"name\":\"Startseite\",\"item\":\"https:\/\/bau-woodworks.com\/en\/\"},{\"@type\":\"ListItem\",\"position\":2,\"name\":\"Store\",\"item\":\"https:\/\/bau-woodworks.com\/en\/\"},{\"@type\":\"ListItem\",\"position\":3,\"name\":\"Platten mit Echtholzfurnier 5mm\"}]},{\"@type\":\"WebSite\",\"@id\":\"https:\/\/bau-woodworks.com\/en\/#website\",\"url\":\"https:\/\/bau-woodworks.com\/en\/\",\"name\":\"Bau-Woodworks\",\"description\":\"Projects + Plans\",\"publisher\":{\"@id\":\"https:\/\/bau-woodworks.com\/en\/#organization\"},\"potentialAction\":[{\"@type\":\"SearchAction\",\"target\":{\"@type\":\"EntryPoint\",\"urlTemplate\":\"https:\/\/bau-woodworks.com\/en\/?s={search_term_string}\"},\"query-input\":{\"@type\":\"PropertyValueSpecification\",\"valueRequired\":true,\"valueName\":\"search_term_string\"}}],\"inLanguage\":\"en-US\"},{\"@type\":\"Organization\",\"@id\":\"https:\/\/bau-woodworks.com\/en\/#organization\",\"name\":\"Bau-Woodworks\",\"url\":\"https:\/\/bau-woodworks.com\/en\/\",\"logo\":{\"@type\":\"ImageObject\",\"inLanguage\":\"en-US\",\"@id\":\"https:\/\/bau-woodworks.com\/en\/#\/schema\/logo\/image\/\",\"url\":\"https:\/\/bau-woodworks.com\/wp-content\/uploads\/2019\/08\/Logo_Bau-Woodworks_whiteSquare.png\",\"contentUrl\":\"https:\/\/bau-woodworks.com\/wp-content\/uploads\/2019\/08\/Logo_Bau-Woodworks_whiteSquare.png\",\"width\":1024,\"height\":1024,\"caption\":\"Bau-Woodworks\"},\"image\":{\"@id\":\"https:\/\/bau-woodworks.com\/en\/#\/schema\/logo\/image\/\"}}]}<\/script>\n<!-- \/ Yoast SEO plugin. -->","yoast_head_json":{"title":"Platten mit Echtholzfurnier 5mm - Bau-Woodworks","robots":{"index":"index","follow":"follow","max-snippet":"max-snippet:-1","max-image-preview":"max-image-preview:large","max-video-preview":"max-video-preview:-1"},"canonical":"https:\/\/bau-woodworks.com\/en\/produkt\/platten-mit-echtholzfurnier-5mm\/","og_locale":"en_US","og_type":"article","og_title":"Platten mit Echtholzfurnier 5mm - Bau-Woodworks","og_description":"Platten mit Echtholzfurnier 5mm  3 Platten in den Dimensionen: 600 x 300 x 5mm  Auf Lager, versandbereit in 1-3 Werktagen","og_url":"https:\/\/bau-woodworks.com\/en\/produkt\/platten-mit-echtholzfurnier-5mm\/","og_site_name":"Bau-Woodworks","article_modified_time":"2023-08-02T08:26:02+00:00","og_image":[{"width":1024,"height":1024,"url":"https:\/\/bau-woodworks.com\/wp-content\/uploads\/2023\/01\/1674154219241-1.jpg","type":"image\/jpeg"}],"twitter_card":"summary_large_image","twitter_misc":{"Est. reading time":"1 minute"},"schema":{"@context":"https:\/\/schema.org","@graph":[{"@type":"WebPage","@id":"https:\/\/bau-woodworks.com\/en\/produkt\/platten-mit-echtholzfurnier-5mm\/","url":"https:\/\/bau-woodworks.com\/en\/produkt\/platten-mit-echtholzfurnier-5mm\/","name":"Platten mit Echtholzfurnier 5mm - Bau-Woodworks","isPartOf":{"@id":"https:\/\/bau-woodworks.com\/en\/#website"},"primaryImageOfPage":{"@id":"https:\/\/bau-woodworks.com\/en\/produkt\/platten-mit-echtholzfurnier-5mm\/#primaryimage"},"image":{"@id":"https:\/\/bau-woodworks.com\/en\/produkt\/platten-mit-echtholzfurnier-5mm\/#primaryimage"},"thumbnailUrl":"https:\/\/bau-woodworks.com\/wp-content\/uploads\/2023\/01\/1674154219241-1.jpg","datePublished":"2023-01-20T13:00:57+00:00","dateModified":"2023-08-02T08:26:02+00:00","breadcrumb":{"@id":"https:\/\/bau-woodworks.com\/en\/produkt\/platten-mit-echtholzfurnier-5mm\/#breadcrumb"},"inLanguage":"en-US","potentialAction":[{"@type":"ReadAction","target":["https:\/\/bau-woodworks.com\/en\/produkt\/platten-mit-echtholzfurnier-5mm\/"]}]},{"@type":"ImageObject","inLanguage":"en-US","@id":"https:\/\/bau-woodworks.com\/en\/produkt\/platten-mit-echtholzfurnier-5mm\/#primaryimage","url":"https:\/\/bau-woodworks.com\/wp-content\/uploads\/2023\/01\/1674154219241-1.jpg","contentUrl":"https:\/\/bau-woodworks.com\/wp-content\/uploads\/2023\/01\/1674154219241-1.jpg","width":1024,"height":1024},{"@type":"BreadcrumbList","@id":"https:\/\/bau-woodworks.com\/en\/produkt\/platten-mit-echtholzfurnier-5mm\/#breadcrumb","itemListElement":[{"@type":"ListItem","position":1,"name":"Startseite","item":"https:\/\/bau-woodworks.com\/en\/"},{"@type":"ListItem","position":2,"name":"Store","item":"https:\/\/bau-woodworks.com\/en\/"},{"@type":"ListItem","position":3,"name":"Platten mit Echtholzfurnier 5mm"}]},{"@type":"WebSite","@id":"https:\/\/bau-woodworks.com\/en\/#website","url":"https:\/\/bau-woodworks.com\/en\/","name":"Bau-Woodworks","description":"Projects + Plans","publisher":{"@id":"https:\/\/bau-woodworks.com\/en\/#organization"},"potentialAction":[{"@type":"SearchAction","target":{"@type":"EntryPoint","urlTemplate":"https:\/\/bau-woodworks.com\/en\/?s={search_term_string}"},"query-input":{"@type":"PropertyValueSpecification","valueRequired":true,"valueName":"search_term_string"}}],"inLanguage":"en-US"},{"@type":"Organization","@id":"https:\/\/bau-woodworks.com\/en\/#organization","name":"Bau-Woodworks","url":"https:\/\/bau-woodworks.com\/en\/","logo":{"@type":"ImageObject","inLanguage":"en-US","@id":"https:\/\/bau-woodworks.com\/en\/#\/schema\/logo\/image\/","url":"https:\/\/bau-woodworks.com\/wp-content\/uploads\/2019\/08\/Logo_Bau-Woodworks_whiteSquare.png","contentUrl":"https:\/\/bau-woodworks.com\/wp-content\/uploads\/2019\/08\/Logo_Bau-Woodworks_whiteSquare.png","width":1024,"height":1024,"caption":"Bau-Woodworks"},"image":{"@id":"https:\/\/bau-woodworks.com\/en\/#\/schema\/logo\/image\/"}}]}},"jetpack_sharing_enabled":true,"_links":{"self":[{"href":"https:\/\/bau-woodworks.com\/en\/wp-json\/wp\/v2\/product\/4914"}],"collection":[{"href":"https:\/\/bau-woodworks.com\/en\/wp-json\/wp\/v2\/product"}],"about":[{"href":"https:\/\/bau-woodworks.com\/en\/wp-json\/wp\/v2\/types\/product"}],"wp:featuredmedia":[{"embeddable":true,"href":"https:\/\/bau-woodworks.com\/en\/wp-json\/wp\/v2\/media\/5022"}],"wp:attachment":[{"href":"https:\/\/bau-woodworks.com\/en\/wp-json\/wp\/v2\/media?parent=4914"}],"wp:term":[{"taxonomy":"product_cat","embeddable":true,"href":"https:\/\/bau-woodworks.com\/en\/wp-json\/wp\/v2\/product_cat?post=4914"},{"taxonomy":"product_tag","embeddable":true,"href":"https:\/\/bau-woodworks.com\/en\/wp-json\/wp\/v2\/product_tag?post=4914"}],"curies":[{"name":"wp","href":"https:\/\/api.w.org\/{rel}","templated":true}]}}